{"id":1231,"date":"2018-12-11T11:06:00","date_gmt":"2018-12-11T11:06:00","guid":{"rendered":"https:\/\/olioparisi.it\/larte-dellassaggio\/"},"modified":"2019-05-29T08:50:36","modified_gmt":"2019-05-29T08:50:36","slug":"olive-oil-tasting","status":"publish","type":"page","link":"https:\/\/olioparisi.it\/en\/olive-oil-tasting\/","title":{"rendered":"Olive oil tasting"},"content":{"rendered":"","protected":false},"excerpt":{"rendered":"","protected":false},"author":1,"featured_media":0,"parent":0,"menu_order":0,"comment_status":"closed","ping_status":"closed","template":"","meta":{"footnotes":""},"class_list":["post-1231","page","type-page","status-publish","hentry"],"yoast_head":"<!-- This site is optimized with the Yoast SEO plugin v27.0 - https:\/\/yoast.com\/product\/yoast-seo-wordpress\/ -->\n<title>L&#039;Arte dell&#039;Assaggio - L&#039;Olio Extravergine di Oliva Alleato in cucina<\/title>\n<meta name=\"description\" content=\"Un olio \u00e8 buono quando \u00e8 fatto bene, \u00e8 sottoposto ad un\u2019attenta selezione delle cultivar e quando il clima mite favorisce la produzione rendendolo pregiato.\" \/>\n<meta name=\"robots\" content=\"index, follow, max-snippet:-1, max-image-preview:large, max-video-preview:-1\" \/>\n<link rel=\"canonical\" href=\"https:\/\/olioparisi.it\/en\/olive-oil-tasting\/\" \/>\n<meta property=\"og:locale\" content=\"en_US\" \/>\n<meta property=\"og:type\" content=\"article\" \/>\n<meta property=\"og:title\" content=\"L&#039;Arte dell&#039;Assaggio - L&#039;Olio Extravergine di Oliva Alleato in cucina\" \/>\n<meta property=\"og:description\" content=\"Un olio \u00e8 buono quando \u00e8 fatto bene, \u00e8 sottoposto ad un\u2019attenta selezione delle cultivar e quando il clima mite favorisce la produzione rendendolo pregiato.\" \/>\n<meta property=\"og:url\" content=\"https:\/\/olioparisi.it\/en\/olive-oil-tasting\/\" \/>\n<meta property=\"og:site_name\" content=\"Olio Parisi\" \/>\n<meta property=\"article:modified_time\" content=\"2019-05-29T08:50:36+00:00\" \/>\n<meta name=\"twitter:card\" content=\"summary_large_image\" \/>\n<script type=\"application\/ld+json\" class=\"yoast-schema-graph\">{\"@context\":\"https:\/\/schema.org\",\"@graph\":[{\"@type\":\"WebPage\",\"@id\":\"https:\/\/olioparisi.it\/en\/olive-oil-tasting\/\",\"url\":\"https:\/\/olioparisi.it\/en\/olive-oil-tasting\/\",\"name\":\"L'Arte dell'Assaggio - L'Olio Extravergine di Oliva Alleato in cucina\",\"isPartOf\":{\"@id\":\"https:\/\/olioparisi.it\/#website\"},\"datePublished\":\"2018-12-11T11:06:00+00:00\",\"dateModified\":\"2019-05-29T08:50:36+00:00\",\"description\":\"Un olio \u00e8 buono quando \u00e8 fatto bene, \u00e8 sottoposto ad un\u2019attenta selezione delle cultivar e quando il clima mite favorisce la produzione rendendolo pregiato.\",\"breadcrumb\":{\"@id\":\"https:\/\/olioparisi.it\/en\/olive-oil-tasting\/#breadcrumb\"},\"inLanguage\":\"en-US\",\"potentialAction\":[{\"@type\":\"ReadAction\",\"target\":[\"https:\/\/olioparisi.it\/en\/olive-oil-tasting\/\"]}]},{\"@type\":\"BreadcrumbList\",\"@id\":\"https:\/\/olioparisi.it\/en\/olive-oil-tasting\/#breadcrumb\",\"itemListElement\":[{\"@type\":\"ListItem\",\"position\":1,\"name\":\"Home\",\"item\":\"https:\/\/olioparisi.it\/en\/\"},{\"@type\":\"ListItem\",\"position\":2,\"name\":\"Olive oil tasting\"}]},{\"@type\":\"WebSite\",\"@id\":\"https:\/\/olioparisi.it\/#website\",\"url\":\"https:\/\/olioparisi.it\/\",\"name\":\"Olio Parisi\",\"description\":\"Olio Parisi\",\"potentialAction\":[{\"@type\":\"SearchAction\",\"target\":{\"@type\":\"EntryPoint\",\"urlTemplate\":\"https:\/\/olioparisi.it\/?s={search_term_string}\"},\"query-input\":{\"@type\":\"PropertyValueSpecification\",\"valueRequired\":true,\"valueName\":\"search_term_string\"}}],\"inLanguage\":\"en-US\"}]}<\/script>\n<!-- \/ Yoast SEO plugin. -->","yoast_head_json":{"title":"L'Arte dell'Assaggio - L'Olio Extravergine di Oliva Alleato in cucina","description":"Un olio \u00e8 buono quando \u00e8 fatto bene, \u00e8 sottoposto ad un\u2019attenta selezione delle cultivar e quando il clima mite favorisce la produzione rendendolo pregiato.","robots":{"index":"index","follow":"follow","max-snippet":"max-snippet:-1","max-image-preview":"max-image-preview:large","max-video-preview":"max-video-preview:-1"},"canonical":"https:\/\/olioparisi.it\/en\/olive-oil-tasting\/","og_locale":"en_US","og_type":"article","og_title":"L'Arte dell'Assaggio - L'Olio Extravergine di Oliva Alleato in cucina","og_description":"Un olio \u00e8 buono quando \u00e8 fatto bene, \u00e8 sottoposto ad un\u2019attenta selezione delle cultivar e quando il clima mite favorisce la produzione rendendolo pregiato.","og_url":"https:\/\/olioparisi.it\/en\/olive-oil-tasting\/","og_site_name":"Olio Parisi","article_modified_time":"2019-05-29T08:50:36+00:00","twitter_card":"summary_large_image","schema":{"@context":"https:\/\/schema.org","@graph":[{"@type":"WebPage","@id":"https:\/\/olioparisi.it\/en\/olive-oil-tasting\/","url":"https:\/\/olioparisi.it\/en\/olive-oil-tasting\/","name":"L'Arte dell'Assaggio - L'Olio Extravergine di Oliva Alleato in cucina","isPartOf":{"@id":"https:\/\/olioparisi.it\/#website"},"datePublished":"2018-12-11T11:06:00+00:00","dateModified":"2019-05-29T08:50:36+00:00","description":"Un olio \u00e8 buono quando \u00e8 fatto bene, \u00e8 sottoposto ad un\u2019attenta selezione delle cultivar e quando il clima mite favorisce la produzione rendendolo pregiato.","breadcrumb":{"@id":"https:\/\/olioparisi.it\/en\/olive-oil-tasting\/#breadcrumb"},"inLanguage":"en-US","potentialAction":[{"@type":"ReadAction","target":["https:\/\/olioparisi.it\/en\/olive-oil-tasting\/"]}]},{"@type":"BreadcrumbList","@id":"https:\/\/olioparisi.it\/en\/olive-oil-tasting\/#breadcrumb","itemListElement":[{"@type":"ListItem","position":1,"name":"Home","item":"https:\/\/olioparisi.it\/en\/"},{"@type":"ListItem","position":2,"name":"Olive oil tasting"}]},{"@type":"WebSite","@id":"https:\/\/olioparisi.it\/#website","url":"https:\/\/olioparisi.it\/","name":"Olio Parisi","description":"Olio Parisi","potentialAction":[{"@type":"SearchAction","target":{"@type":"EntryPoint","urlTemplate":"https:\/\/olioparisi.it\/?s={search_term_string}"},"query-input":{"@type":"PropertyValueSpecification","valueRequired":true,"valueName":"search_term_string"}}],"inLanguage":"en-US"}]}},"_links":{"self":[{"href":"https:\/\/olioparisi.it\/en\/wp-json\/wp\/v2\/pages\/1231","targetHints":{"allow":["GET"]}}],"collection":[{"href":"https:\/\/olioparisi.it\/en\/wp-json\/wp\/v2\/pages"}],"about":[{"href":"https:\/\/olioparisi.it\/en\/wp-json\/wp\/v2\/types\/page"}],"author":[{"embeddable":true,"href":"https:\/\/olioparisi.it\/en\/wp-json\/wp\/v2\/users\/1"}],"replies":[{"embeddable":true,"href":"https:\/\/olioparisi.it\/en\/wp-json\/wp\/v2\/comments?post=1231"}],"version-history":[{"count":2,"href":"https:\/\/olioparisi.it\/en\/wp-json\/wp\/v2\/pages\/1231\/revisions"}],"predecessor-version":[{"id":1237,"href":"https:\/\/olioparisi.it\/en\/wp-json\/wp\/v2\/pages\/1231\/revisions\/1237"}],"wp:attachment":[{"href":"https:\/\/olioparisi.it\/en\/wp-json\/wp\/v2\/media?parent=1231"}],"curies":[{"name":"wp","href":"https:\/\/api.w.org\/{rel}","templated":true}]}}